{"id":5978,"date":"2023-07-17T06:32:02","date_gmt":"2023-07-17T03:32:02","guid":{"rendered":"https:\/\/corexmarket.com\/ctrader-otomatiklestir\/"},"modified":"2023-07-17T06:32:02","modified_gmt":"2023-07-17T03:32:02","slug":"ctrader-otomatiklestir","status":"publish","type":"page","link":"https:\/\/corexmarket.com\/tr\/ctrader-otomatiklestir\/","title":{"rendered":"cTrader Otomatikle\u015ftir"},"content":{"rendered":"<section class=\"wpb-content-wrapper\"><p>[vc_row][vc_column width=&#8221;1\/2&#8243;]<div id=\"cz_24700\" class=\"cz_24700 cz_title clr cz_title_pos_inline\"><div class=\"cz_title_content\"><div class=\"cz_wpe_content\"><h2><span style=\"color: #000000;\">En geli\u015fmi\u015f ticaret teknolojisiyle i\u015flem yap\u0131n Corex Market cTrader Automate<\/span><\/h2>\n<\/div><\/div><\/div>[vc_column_text]<\/p>\n<div><span style=\"color: #000000;\">cTrader Automate, cTrader ile birlikte \u00e7al\u0131\u015fmak \u00fczere tasarlanm\u0131\u015f geli\u015fmi\u015f bir otomatik ticaret yaz\u0131l\u0131m\u0131 olarak hizmet vermektedir. Kaynak kodu d\u00fczenleyicisini ve C# dilini kullanarak algoritmik ticaret sistemleri ve teknik analiz i\u00e7in \u00f6zel teknik g\u00f6stergeler olu\u015fturman\u0131za olanak tan\u0131r. Geli\u015ftirdi\u011finiz \u00f6zel g\u00f6stergeler, cTrader&#8217;da \u00f6nceden var olan g\u00f6stergelerin yan\u0131nda mevcut olacakt\u0131r.<\/span><\/div>\n<div>\n<p><span style=\"color: #000000;\">\u00d6zel g\u00f6stergeleri ve robotlar\u0131 \u00f6zel b\u00f6l\u00fcm\u00fcm\u00fczden indirebilirsiniz. Zaten bir demo veya canl\u0131 hesab\u0131n\u0131z varsa, G\u00fcvenli istemci alan\u0131n\u0131zdan \u0130ndirilenler sekmesini se\u00e7erek cTrader Automate&#8217;e eri\u015febilirsiniz.<\/span><\/div>\n<p>[\/vc_column_text]<div class=\"\"><div class=\"cz_54224_p\"><a id=\"cz_54224\" class=\"cz_54224 cz_btn cz_btn_txt_no_fx cz_btn_no_fx cz_mobile_btn_center\" href=\"https:\/\/corex.ctrader.com\/ctrader-corex-setup.exe\" title=\"cTrader desktop for windows\" target=\"_blank\" rel=\"noopener\"><span><strong>cTrader Automate'i deneyin<\/strong><\/span><b class=\"cz_btn_onhover\"><strong>cTrader Automate'i deneyin<\/strong><\/b><\/a><\/div><\/div>[vc_column_text]Sistem Gereksinimleri .Net4, Windows i\u015fletim sistemi XP, Vista veya 7.[\/vc_column_text][\/vc_column][vc_column width=&#8221;1\/2&#8243;]<div class=\"cz_gap clr \" style=\"height: 50px\"><\/div>[vc_single_image image=&#8221;3186&#8243; img_size=&#8221;full&#8221;][\/vc_column][\/vc_row][vc_row][vc_column]<div class=\"cz_gap clr \" style=\"height: 50px\"><\/div>[\/vc_column][\/vc_row][vc_row full_width=&#8221;stretch_row&#8221; css=&#8221;.vc_custom_1690457343140{background-color: #000000 !important;}&#8221;][vc_column]<div id=\"cz_19069\" class=\"cz_19069 cz_title clr cz_title_pos_inline tac\"><div class=\"cz_title_content\"><div class=\"cz_wpe_content\"><h2 style=\"text-align: center;\"><span style=\"color: #ffffff;\"> Neden Corex Market ile cTrader Automate&#8217;te i\u015flem yapmal\u0131s\u0131n\u0131z?<\/span><\/h2>\n<\/div><\/div><\/div>[vc_column_text]<\/p>\n<p style=\"text-align: center;\"><span style=\"color: #ffffff;\">D\u00fcnyan\u0131n En Pop\u00fcler Platformu<\/span><\/p>\n<p>[\/vc_column_text][vc_empty_space][vc_single_image image=&#8221;3187&#8243; img_size=&#8221;full&#8221; alignment=&#8221;center&#8221;][\/vc_column][\/vc_row][vc_row full_width=&#8221;stretch_row&#8221; css=&#8221;.vc_custom_1690457417030{background-color: #000000 !important;}&#8221;][vc_column width=&#8221;1\/2&#8243; css=&#8221;.vc_custom_1690457595528{background-color: #2c2f2f !important;border-radius: 27px !important;}&#8221;][vc_empty_space]<ul id=\"cz_109122\" class=\"cz_109122 cz_stylish_list clr cz_sl_icon_hover_zoom_in\"><li class=\"clr\"><div class=\"cz_sl_icon\"><i class=\"fa czico-072-check-mark mr10\" ><\/i><\/div><div><span>Customize algorithmic strategies<\/span><\/div><\/li><li class=\"clr\"><div class=\"cz_sl_icon\"><i class=\"fa czico-072-check-mark mr10\" ><\/i><\/div><div><span>Customize technical indicators<\/span><\/div><\/li><li class=\"clr\"><div class=\"cz_sl_icon\"><i class=\"fa czico-072-check-mark mr10\" ><\/i><\/div><div><span>C# programming language<\/span><\/div><\/li><\/ul>[vc_empty_space][\/vc_column][vc_column width=&#8221;1\/2&#8243; css=&#8221;.vc_custom_1690457614106{background-color: #2c2f2f !important;border-radius: 27px !important;}&#8221;][vc_empty_space]<ul id=\"cz_53177\" class=\"cz_53177 cz_stylish_list clr cz_sl_icon_hover_zoom_in\"><li class=\"clr\"><div class=\"cz_sl_icon\"><i class=\"fa czico-072-check-mark mr10\" ><\/i><\/div><div><span>Free community algorithms<\/span><\/div><\/li><li class=\"clr\"><div class=\"cz_sl_icon\"><i class=\"fa czico-072-check-mark mr10\" ><\/i><\/div><div><span>Advanced backtesting functionality<\/span><\/div><\/li><li class=\"clr\"><div class=\"cz_sl_icon\"><i class=\"fa czico-072-check-mark mr10\" ><\/i><\/div><div><span>Used in conjunction with cTrader<\/span><\/div><\/li><\/ul>[vc_empty_space][\/vc_column][\/vc_row][vc_row full_width=&#8221;stretch_row&#8221; css=&#8221;.vc_custom_1690457650040{background-color: #000000 !important;}&#8221;][vc_column]<div class=\"cz_gap clr \" style=\"height: 50px\"><\/div>[\/vc_column][\/vc_row][vc_row][vc_column][vc_empty_space][\/vc_column][\/vc_row][vc_row][vc_column]<div id=\"cz_64758\" class=\"cz_64758 cz_title clr cz_title_pos_inline tac\"><div class=\"cz_title_content\"><div class=\"cz_wpe_content\"><h2 style=\"text-align: center;\"><span style=\"color: #000000;\">Corex Market&#8217;in cTrader Platformunu farkl\u0131 k\u0131lan nedir?<\/span><\/h2>\n<\/div><\/div><\/div>[vc_empty_space][vc_column_text]<\/p>\n<p style=\"text-align: center;\"><span style=\"color: #000000;\">Corex Market, ticaret deneyiminizi daha y\u00fcksek bir seviyeye ta\u015f\u0131mak \u00fczere tasarlanm\u0131\u015f, size sa\u011flam ve sezgisel bir platform sunmak i\u00e7in \u00f6nde gelen sa\u011flay\u0131c\u0131larla i\u015fbirli\u011fi yapt\u0131.<\/span><\/p>\n<p>[\/vc_column_text][\/vc_column][\/vc_row][vc_row full_width=&#8221;stretch_row&#8221; css=&#8221;.vc_custom_1690457806784{background-color: #000000 !important;}&#8221;][vc_column width=&#8221;1\/2&#8243;][vc_empty_space][vc_single_image image=&#8221;3186&#8243; img_size=&#8221;full&#8221;][\/vc_column][vc_column width=&#8221;1\/2&#8243;][vc_empty_space]<div id=\"cz_22187\" class=\"cz_22187 cz_title clr cz_title_pos_inline\"><div class=\"cz_title_content\"><div class=\"cz_wpe_content\"><h2><span style=\"color: #ffffff;\">cTrader Hakk\u0131nda<\/span><\/h2>\n<\/div><\/div><\/div>[vc_empty_space][vc_column_text]<span style=\"color: #aaaaaa;\">cTrader, MetaQuotes&#8217;un platformuna g\u00f6re nispeten yeni olmas\u0131na ra\u011fmen, ultra h\u0131zl\u0131 emir y\u00fcr\u00fctme yetenekleri ve kullan\u0131c\u0131 dostu aray\u00fcz\u00fc ile \u00f6ne \u00e7\u0131k\u0131yor. D\u00fcnyan\u0131n her k\u00f6\u015fesinden eri\u015filebilen Ham Fiyatland\u0131rma ticareti ve \u0130\u015flem Masas\u0131 Olmayan ticaretin avantajlar\u0131n\u0131 sunar.<\/span>[\/vc_column_text]<ul id=\"cz_26185\" class=\"cz_26185 cz_stylish_list clr cz_sl_icon_hover_zoom_in\"><li class=\"clr\"><div class=\"cz_sl_icon\"><i class=\"fa czico-072-check-mark mr10\" ><\/i><\/div><div><span>Simple user interface<\/span><\/div><\/li><li class=\"clr\"><div class=\"cz_sl_icon\"><i class=\"fa czico-072-check-mark mr10\" ><\/i><\/div><div><span>Advanced take profit and stop loss systems<\/span><\/div><\/li><li class=\"clr\"><div class=\"cz_sl_icon\"><i class=\"fa czico-072-check-mark mr10\" ><\/i><\/div><div><span>Detachable charts and varying chart time frames<\/span><\/div><\/li><li class=\"clr\"><div class=\"cz_sl_icon\"><i class=\"fa czico-072-check-mark mr10\" ><\/i><\/div><div><span>Live sentiments and depth of market<\/span><\/div><\/li><\/ul><div class=\"\"><div class=\"cz_68363_p\"><a id=\"cz_68363\" class=\"cz_68363 cz_btn cz_btn_txt_no_fx cz_btn_no_fx cz_mobile_btn_center\" href=\"https:\/\/corex.ctrader.com\/ctrader-corex-setup.exe\" title=\"cTrader desktop for windows\" target=\"_blank\" rel=\"noopener\"><span><strong>cTrader'\u0131 indirin<\/strong><\/span><b class=\"cz_btn_onhover\"><strong>cTrader'\u0131 indirin<\/strong><\/b><\/a><\/div><\/div><ul id=\"cz2731\" class=\"cz2731 cz_stylish_list clr cz_sl_icon_hover_zoom_in\"><\/ul>[\/vc_column][\/vc_row][vc_row full_width=&#8221;stretch_row&#8221; css=&#8221;.vc_custom_1690458026208{background-color: #000000 !important;}&#8221;][vc_column][vc_empty_space][\/vc_column][\/vc_row][vc_row][vc_column][vc_empty_space][\/vc_column][\/vc_row][vc_row][vc_column]<div id=\"cz_88968\" class=\"cz_88968 cz_title clr cz_title_pos_inline tac\"><div class=\"cz_title_content\"><div class=\"cz_wpe_content\"><h2 style=\"text-align: center;\"><span style=\"color: #000000;\">Corex Market&#8217;te cTrader hesab\u0131 nas\u0131l a\u00e7\u0131l\u0131r?<\/span><\/h2>\n<\/div><\/div><\/div>[vc_empty_space][vc_column_text]<\/p>\n<p style=\"text-align: center;\"><span style=\"color: #000000;\">Ticaret yolculu\u011funuza ba\u015flamak i\u00e7in \u00f6ncelikle bir Standart veya Profesyonel cTrader hesab\u0131 olu\u015fturmal\u0131s\u0131n\u0131z. Hesab\u0131n\u0131z ba\u015far\u0131yla kaydolduktan sonra cTrader hesap ayr\u0131nt\u0131lar\u0131n\u0131z\u0131 Ki\u015fisel Alan\u0131n\u0131zda bulabilirsiniz.<\/span><\/p>\n<p>[\/vc_column_text][\/vc_column][\/vc_row]<\/p>\n<\/section>","protected":false},"excerpt":{"rendered":"<p>[vc_row][vc_column width=&#8221;1\/2&#8243;][vc_column_text] cTrader Automate, cTrader ile birlikte \u00e7al\u0131\u015fmak \u00fczere tasarlanm\u0131\u015f geli\u015fmi\u015f &#8230; <\/p>\n","protected":false},"author":1,"featured_media":0,"parent":0,"menu_order":0,"comment_status":"closed","ping_status":"closed","template":"","meta":{"footnotes":""},"class_list":["post-5978","page","type-page","status-publish","hentry"],"_links":{"self":[{"href":"https:\/\/corexmarket.com\/tr\/wp-json\/wp\/v2\/pages\/5978","targetHints":{"allow":["GET"]}}],"collection":[{"href":"https:\/\/corexmarket.com\/tr\/wp-json\/wp\/v2\/pages"}],"about":[{"href":"https:\/\/corexmarket.com\/tr\/wp-json\/wp\/v2\/types\/page"}],"author":[{"embeddable":true,"href":"https:\/\/corexmarket.com\/tr\/wp-json\/wp\/v2\/users\/1"}],"replies":[{"embeddable":true,"href":"https:\/\/corexmarket.com\/tr\/wp-json\/wp\/v2\/comments?post=5978"}],"version-history":[{"count":0,"href":"https:\/\/corexmarket.com\/tr\/wp-json\/wp\/v2\/pages\/5978\/revisions"}],"wp:attachment":[{"href":"https:\/\/corexmarket.com\/tr\/wp-json\/wp\/v2\/media?parent=5978"}],"curies":[{"name":"wp","href":"https:\/\/api.w.org\/{rel}","templated":true}]}}