{"id":5980,"date":"2023-07-17T06:30:48","date_gmt":"2023-07-17T03:30:48","guid":{"rendered":"https:\/\/corexmarket.com\/android-icin-ctrader\/"},"modified":"2023-07-17T06:30:48","modified_gmt":"2023-07-17T03:30:48","slug":"android-icin-ctrader","status":"publish","type":"page","link":"https:\/\/corexmarket.com\/tr\/android-icin-ctrader\/","title":{"rendered":"Android i\u00e7in cTrader"},"content":{"rendered":"<section class=\"wpb-content-wrapper\"><p>[vc_row][vc_column width=&#8221;1\/2&#8243;]<div id=\"cz_87189\" class=\"cz_87189 cz_title clr cz_title_pos_inline\"><div class=\"cz_title_content\"><div class=\"cz_wpe_content\"><h2><span style=\"color: #000000;\">En geli\u015fmi\u015f ticaret teknolojisi Corex Market cTrader Android&#8217;de i\u015flem yap\u0131n<\/span><\/h2>\n<\/div><\/div><\/div>[vc_column_text]<span style=\"color: #000000;\">Corex Market&#8217;in Android i\u00e7in cTrader&#8217;\u0131, yerel bir uygulama olarak birinci s\u0131n\u0131f FX ticareti sunar. Standart trend g\u00f6stergeleri, osilat\u00f6rler, oynakl\u0131k g\u00f6stergeleri ve \u00e7izgi \u00e7izimleri de dahil olmak \u00fczere, t\u00fcm\u00fc grafi\u011fin kendisinde kolayca bulunabilen, yetkin teknik analiz i\u00e7in kapsaml\u0131 bir ara\u00e7 yelpazesi sunar.<\/span><br \/>\n<span style=\"color: #000000;\">Dar yay\u0131lmalar\u0131m\u0131za ve h\u0131zl\u0131 uygulama s\u00fcrelerimize do\u011frudan Android cihaz\u0131n\u0131zdan eri\u015fin. Mobil Cihazlar i\u00e7in cTrader Web&#8217;in temel i\u015flevselli\u011fini korur, ancak daha h\u0131zl\u0131 ba\u015flatma s\u00fcreleri ve ayn\u0131 sezgisel aray\u00fczle.<\/span>[\/vc_column_text]<div class=\"\"><div class=\"cz_78783_p\"><a id=\"cz_78783\" class=\"cz_78783 cz_btn cz_btn_txt_no_fx cz_btn_no_fx cz_mobile_btn_center\" href=\"https:\/\/play.google.com\/store\/apps\/details?id=com.spotware.ct&amp;hl=en&amp;gl=US\" title=\"cTrader for android\" target=\"_blank\" rel=\"noopener\"><span><strong>cTrader Android'i kullan\u0131n<\/strong><\/span><b class=\"cz_btn_onhover\"><strong>cTrader Android'i kullan\u0131n<\/strong><\/b><\/a><\/div><\/div>[\/vc_column][vc_column width=&#8221;1\/2&#8243;][vc_empty_space][vc_single_image image=&#8221;3186&#8243; img_size=&#8221;full&#8221;][\/vc_column][\/vc_row][vc_row][vc_column][vc_empty_space][\/vc_column][\/vc_row][vc_row full_width=&#8221;stretch_row&#8221; css=&#8221;.vc_custom_1690458855288{background-color: #000000 !important;}&#8221;][vc_column][vc_empty_space][vc_empty_space]<div id=\"cz_11171\" class=\"cz_11171 cz_title clr cz_title_pos_inline tac\"><div class=\"cz_title_content\"><div class=\"cz_wpe_content\"><h2 style=\"text-align: center;\"><span style=\"color: #ffffff;\"> Android cihaz\u0131n\u0131zla hareket halindeyken Forex ticareti yap\u0131n!<\/span><\/h2>\n<\/div><\/div><\/div>[vc_empty_space][vc_column_text]<\/p>\n<p style=\"text-align: center;\"><span style=\"color: #ffffff;\">D\u00fcnyan\u0131n En Pop\u00fcler Platformu<\/span><\/p>\n<p>[\/vc_column_text][vc_single_image image=&#8221;3187&#8243; img_size=&#8221;full&#8221; alignment=&#8221;center&#8221;][\/vc_column][\/vc_row][vc_row full_width=&#8221;stretch_row&#8221; css=&#8221;.vc_custom_1690458920023{background-color: #000000 !important;}&#8221;][vc_column width=&#8221;1\/2&#8243; css=&#8221;.vc_custom_1690837918854{border-radius: 27px !important;}&#8221;][vc_empty_space][vc_empty_space]<ul id=\"cz_99807\" class=\"cz_99807 cz_stylish_list clr cz_sl_icon_hover_zoom_in\"><li class=\"clr\"><div class=\"cz_sl_icon\"><i class=\"fa czico-072-check-mark mr10\" ><\/i><\/div><div><span>Fast execution for forex and commodities<\/span><\/div><\/li><li class=\"clr\"><div class=\"cz_sl_icon\"><i class=\"fa czico-072-check-mark mr10\" ><\/i><\/div><div><span>Single-tap order execution<\/span><\/div><\/li><li class=\"clr\"><div class=\"cz_sl_icon\"><i class=\"fa czico-072-check-mark mr10\" ><\/i><\/div><div><span>Full balance, margin, and P&L information<\/span><\/div><\/li><li class=\"clr\"><div class=\"cz_sl_icon\"><i class=\"fa czico-072-check-mark mr10\" ><\/i><\/div><div><span>Full balance, margin, and P&L information<\/span><\/div><\/li><li class=\"clr\"><div class=\"cz_sl_icon\"><i class=\"fa czico-072-check-mark mr10\" ><\/i><\/div><div><span>Special split-screen interface for Tablets<\/span><\/div><\/li><\/ul>[\/vc_column][vc_column width=&#8221;1\/2&#8243; css=&#8221;.vc_custom_1690837928574{border-radius: 27px !important;}&#8221;][vc_empty_space]<ul id=\"cz_99807\" class=\"cz_99807 cz_stylish_list clr cz_sl_icon_hover_zoom_in\"><li class=\"clr\"><div class=\"cz_sl_icon\"><i class=\"fa czico-072-check-mark mr10\" ><\/i><\/div><div><span>Fast execution for forex and commodities<\/span><\/div><\/li><li class=\"clr\"><div class=\"cz_sl_icon\"><i class=\"fa czico-072-check-mark mr10\" ><\/i><\/div><div><span>Single-tap order execution<\/span><\/div><\/li><li class=\"clr\"><div class=\"cz_sl_icon\"><i class=\"fa czico-072-check-mark mr10\" ><\/i><\/div><div><span>Full balance, margin, and P&L information<\/span><\/div><\/li><li class=\"clr\"><div class=\"cz_sl_icon\"><i class=\"fa czico-072-check-mark mr10\" ><\/i><\/div><div><span>Full balance, margin, and P&L information<\/span><\/div><\/li><li class=\"clr\"><div class=\"cz_sl_icon\"><i class=\"fa czico-072-check-mark mr10\" ><\/i><\/div><div><span>Special split-screen interface for Tablets<\/span><\/div><\/li><\/ul>[vc_empty_space][\/vc_column][\/vc_row][vc_row full_width=&#8221;stretch_row&#8221; css=&#8221;.vc_custom_1690459138453{background-color: #000000 !important;}&#8221;][vc_column][vc_empty_space][\/vc_column][\/vc_row][vc_row][vc_column][vc_empty_space][\/vc_column][\/vc_row][vc_row][vc_column]<div id=\"cz_42431\" class=\"cz_42431 cz_title clr cz_title_pos_inline tac\"><div class=\"cz_title_content\"><div class=\"cz_wpe_content\"><h2 style=\"text-align: center;\"><span style=\"color: #000000;\">Corex Market&#8217;in cTrader Platformunu farkl\u0131 k\u0131lan nedir?<\/span><\/h2>\n<\/div><\/div><\/div>[vc_empty_space][vc_column_text]<\/p>\n<p style=\"text-align: center;\"><span style=\"color: #000000;\">Corex Market, ticaret deneyiminizi daha y\u00fcksek bir seviyeye ta\u015f\u0131mak \u00fczere tasarlanm\u0131\u015f, size sa\u011flam ve sezgisel bir platform sunmak i\u00e7in \u00f6nde gelen sa\u011flay\u0131c\u0131larla i\u015fbirli\u011fi yapt\u0131.<\/span><\/p>\n<p>[\/vc_column_text][\/vc_column][\/vc_row][vc_row][vc_column][vc_empty_space][\/vc_column][\/vc_row][vc_row][vc_column width=&#8221;1\/2&#8243;][vc_single_image image=&#8221;3186&#8243; img_size=&#8221;full&#8221;][\/vc_column][vc_column width=&#8221;1\/2&#8243;]<div id=\"cz_103111\" class=\"cz_103111 cz_title clr cz_title_pos_inline\"><div class=\"cz_title_content\"><div class=\"cz_wpe_content\"><h2><span style=\"color: #000000;\">cTrader Hakk\u0131nda<\/span><\/h2>\n<\/div><\/div><\/div>[vc_empty_space][vc_column_text]<span style=\"color: #000000;\">cTrader, MetaQuotes&#8217;un platformuna g\u00f6re nispeten yeni olmas\u0131na ra\u011fmen, ultra h\u0131zl\u0131 emir y\u00fcr\u00fctme yetenekleri ve kullan\u0131c\u0131 dostu aray\u00fcz\u00fc ile \u00f6ne \u00e7\u0131k\u0131yor. D\u00fcnyan\u0131n her k\u00f6\u015fesinden eri\u015filebilen Ham Fiyatland\u0131rma ticareti ve \u0130\u015flem Masas\u0131 Olmayan ticaretin avantajlar\u0131n\u0131 sunar.<\/span>[\/vc_column_text]<ul id=\"cz_19370\" class=\"cz_19370 cz_stylish_list clr cz_sl_icon_hover_zoom_in\"><li class=\"clr\"><div class=\"cz_sl_icon\"><i class=\"fa czico-072-check-mark mr10\" ><\/i><\/div><div><span>Simple user interface<\/span><\/div><\/li><li class=\"clr\"><div class=\"cz_sl_icon\"><i class=\"fa czico-072-check-mark mr10\" ><\/i><\/div><div><span>Advanced take profit and stop loss systems<\/span><\/div><\/li><li class=\"clr\"><div class=\"cz_sl_icon\"><i class=\"fa czico-072-check-mark mr10\" ><\/i><\/div><div><span>Detachable charts and varying chart time frames<\/span><\/div><\/li><li class=\"clr\"><div class=\"cz_sl_icon\"><i class=\"fa czico-072-check-mark mr10\" ><\/i><\/div><div><span>Live sentiments and depth of market<\/span><\/div><\/li><\/ul><div class=\"\"><div class=\"cz_33820_p\"><a id=\"cz_33820\" class=\"cz_33820 cz_btn cz_btn_txt_no_fx cz_btn_no_fx cz_mobile_btn_center\" href=\"https:\/\/corex.ctrader.com\/ctrader-corex-setup.exe\" title=\"cTrader desktop for windows\" target=\"_blank\" rel=\"noopener\"><span><strong>cTrader'\u0131 indirin<\/strong><\/span><b class=\"cz_btn_onhover\"><strong>cTrader'\u0131 indirin<\/strong><\/b><\/a><\/div><\/div>[\/vc_column][\/vc_row][vc_row][vc_column][vc_empty_space][\/vc_column][\/vc_row][vc_row][vc_column]<div id=\"cz_61023\" class=\"cz_61023 cz_title clr cz_title_pos_inline tac\"><div class=\"cz_title_content\"><div class=\"cz_wpe_content\"><h2 style=\"text-align: center;\"><span style=\"color: #000000;\">Corex Market&#8217;te cTrader hesab\u0131 nas\u0131l a\u00e7\u0131l\u0131r?<\/span><\/h2>\n<\/div><\/div><\/div>[vc_empty_space][vc_column_text]<\/p>\n<p style=\"text-align: center;\"><span style=\"color: #000000;\">Ticaret yolculu\u011funuza ba\u015flamak i\u00e7in \u00f6ncelikle bir Standart veya Profesyonel cTrader hesab\u0131 olu\u015fturmal\u0131s\u0131n\u0131z. Hesab\u0131n\u0131z ba\u015far\u0131yla kaydolduktan sonra cTrader hesap ayr\u0131nt\u0131lar\u0131n\u0131z\u0131 Ki\u015fisel Alan\u0131n\u0131zda bulabilirsiniz.<\/span><\/p>\n<p>[\/vc_column_text][\/vc_column][\/vc_row]<\/p>\n<\/section>","protected":false},"excerpt":{"rendered":"<p>[vc_row][vc_column width=&#8221;1\/2&#8243;][vc_column_text]Corex Market&#8217;in Android i\u00e7in cTrader&#8217;\u0131, yerel bir uygulama olarak birinci &#8230; <\/p>\n","protected":false},"author":1,"featured_media":0,"parent":0,"menu_order":0,"comment_status":"closed","ping_status":"closed","template":"","meta":{"footnotes":""},"class_list":["post-5980","page","type-page","status-publish","hentry"],"_links":{"self":[{"href":"https:\/\/corexmarket.com\/tr\/wp-json\/wp\/v2\/pages\/5980","targetHints":{"allow":["GET"]}}],"collection":[{"href":"https:\/\/corexmarket.com\/tr\/wp-json\/wp\/v2\/pages"}],"about":[{"href":"https:\/\/corexmarket.com\/tr\/wp-json\/wp\/v2\/types\/page"}],"author":[{"embeddable":true,"href":"https:\/\/corexmarket.com\/tr\/wp-json\/wp\/v2\/users\/1"}],"replies":[{"embeddable":true,"href":"https:\/\/corexmarket.com\/tr\/wp-json\/wp\/v2\/comments?post=5980"}],"version-history":[{"count":0,"href":"https:\/\/corexmarket.com\/tr\/wp-json\/wp\/v2\/pages\/5980\/revisions"}],"wp:attachment":[{"href":"https:\/\/corexmarket.com\/tr\/wp-json\/wp\/v2\/media?parent=5980"}],"curies":[{"name":"wp","href":"https:\/\/api.w.org\/{rel}","templated":true}]}}