{"id":5992,"date":"2023-07-26T21:53:33","date_gmt":"2023-07-26T18:53:33","guid":{"rendered":"https:\/\/corexmarket.com\/neden-corex-market\/"},"modified":"2024-11-02T09:52:23","modified_gmt":"2024-11-02T06:52:23","slug":"neden-corex-market","status":"publish","type":"page","link":"https:\/\/corexmarket.com\/tr\/neden-corex-market\/","title":{"rendered":"Neden Corex Market?"},"content":{"rendered":"<section class=\"wpb-content-wrapper\"><p>          [vc_row]<br \/>\n            [vc_column]<br \/>\n              [vc_column_text]<span style=\"color: #000000; font-size: 22px;\"><strong>\u00dcst\u00fcn Forex Brokeri <\/strong><\/span><br \/>\n<span style=\"color: #000000;\">Corex Market, m\u00fc\u015fterilerine en iyi ticaret deneyimini sa\u011flayan tan\u0131nm\u0131\u015f bir forex brokeridir. cTrader ticaret platformunun yeteneklerinden yararlanarak, forex i\u015flemleriniz i\u00e7in sa\u011flam, sezgisel ve kullan\u0131c\u0131 dostu bir ortam sunuyoruz.<\/span><\/p>\n<p><span style=\"color: #000000; font-size: 22px;\"><strong>Birden Fazla Likidite Sa\u011flay\u0131c\u0131ya Eri\u015fim <\/strong><\/span><br \/>\n<span style=\"color: #000000;\">Ba\u011flant\u0131m\u0131z, 150&#8217;den fazla Likidite Sa\u011flay\u0131c\u0131ya (LP) kadar uzanmaktad\u0131r. Bu devasa a\u011f, size rekabet\u00e7i fiyatland\u0131rma sa\u011flayarak her i\u015flemden en iyi \u015fekilde yararlanman\u0131z\u0131 sa\u011flar.<\/span><\/p>\n<p><span style=\"color: #000000; font-size: 22px;\"><strong>En \u0130yi Piyasa Fiyatlar\u0131 <\/strong><\/span><br \/>\n<span style=\"color: #000000;\">Corex Market olarak, m\u00fc\u015fterilerimize en iyi fiyatlar\u0131 sunmaya odaklan\u0131yoruz. Geni\u015f bir LP a\u011f\u0131na ba\u011flant\u0131m\u0131z, piyasada en rekabet\u00e7i fiyatland\u0131rmay\u0131 sa\u011flamam\u0131za olanak tan\u0131r.<\/span><\/p>\n<p><span style=\"color: #000000; font-size: 22px;\"><strong>\u015eeffaf Do\u011frudan Piyasa Eri\u015fimi<\/strong><\/span><br \/>\n<span style=\"color: #000000;\">Tam \u015feffafl\u0131\u011fa inan\u0131yoruz. \u0130\u015flem s\u00fcrecinde t\u00fcm emirlerimiz do\u011frudan LP&#8217;lerin ana i\u015flem havuzuna g\u00f6nderilmektedir. Bu, arada hi\u00e7bir arac\u0131 olmamas\u0131n\u0131 sa\u011flar, b\u00f6ylece size ger\u00e7ek bir do\u011frudan piyasa deneyimi sunabiliriz.<\/span><\/p>\n<p><span style=\"color: #000000; font-size: 22px;\"><strong>Ger\u00e7ek A Book Broker<\/strong><\/span><br \/>\n<span style=\"color: #000000;\">Tamamen bir A Book broker olarak faaliyet g\u00f6steriyoruz. Bu, t\u00fcm i\u015flemlerimizin interbank piyasas\u0131na aktar\u0131ld\u0131\u011f\u0131 anlam\u0131na gelir ve m\u00fc\u015fterilerimiz ile aram\u0131zda \u00e7\u0131kar \u00e7at\u0131\u015fmas\u0131na yer b\u0131rakmaz. K\u00e2r\u0131n\u0131z bizim ba\u015far\u0131m\u0131zd\u0131r.<\/span><\/p>\n<p><span style=\"color: #000000; font-size: 22px;\"><strong>\u0130novasyona Odaklanma<\/strong><\/span><br \/>\n<span style=\"color: #000000;\">Corex Market&#8217;te, sistemlerimizi ve yaz\u0131l\u0131mlar\u0131m\u0131z\u0131 g\u00fcncel tutmaya \u00f6ncelik veriyoruz. Her zaman yenilik aray\u0131\u015f\u0131nday\u0131z, b\u00f6ylece teknolojimiz en ileri seviyede kal\u0131r ve ticaret deneyiminizi iyile\u015ftirir. M\u00fc\u015fterilerimize en iyi \u00e7\u00f6z\u00fcmleri sunmak i\u00e7in de\u011fi\u015fimi benimsemeye ve y\u00f6nlendirmeye inan\u0131yoruz.<\/span><\/p>\n<p><span style=\"color: #000000;\">Corex Market&#8217;i se\u00e7mek, deneyimli, \u015feffaf ve m\u00fc\u015fteri odakl\u0131 bir forex brokerini se\u00e7mek anlam\u0131na gelir. Size sorunsuz, verimli ve kullan\u0131c\u0131 dostu bir ticaret deneyimi sunuyoruz; en \u00fcst d\u00fczey teknoloji, ola\u011fan\u00fcst\u00fc m\u00fc\u015fteri hizmetleri ve ba\u015far\u0131n\u0131za olan ba\u011fl\u0131l\u0131\u011f\u0131m\u0131zla destekleniyoruz. G\u00fcvenle ticaret yap\u0131n, Corex Market ile ticaret yap\u0131n.<\/span>[\/vc_column_text]<br \/>\n            [\/vc_column]<br \/>\n          [\/vc_row]<\/p>\n<\/section>","protected":false},"excerpt":{"rendered":"<p>[vc_row] [vc_column] [vc_column_text]\u00dcst\u00fcn Forex Brokeri Corex Market, m\u00fc\u015fterilerine en iyi ticaret &#8230; <\/p>\n","protected":false},"author":1,"featured_media":0,"parent":0,"menu_order":0,"comment_status":"closed","ping_status":"closed","template":"","meta":{"footnotes":""},"class_list":["post-5992","page","type-page","status-publish","hentry"],"_links":{"self":[{"href":"https:\/\/corexmarket.com\/tr\/wp-json\/wp\/v2\/pages\/5992","targetHints":{"allow":["GET"]}}],"collection":[{"href":"https:\/\/corexmarket.com\/tr\/wp-json\/wp\/v2\/pages"}],"about":[{"href":"https:\/\/corexmarket.com\/tr\/wp-json\/wp\/v2\/types\/page"}],"author":[{"embeddable":true,"href":"https:\/\/corexmarket.com\/tr\/wp-json\/wp\/v2\/users\/1"}],"replies":[{"embeddable":true,"href":"https:\/\/corexmarket.com\/tr\/wp-json\/wp\/v2\/comments?post=5992"}],"version-history":[{"count":2,"href":"https:\/\/corexmarket.com\/tr\/wp-json\/wp\/v2\/pages\/5992\/revisions"}],"predecessor-version":[{"id":6434,"href":"https:\/\/corexmarket.com\/tr\/wp-json\/wp\/v2\/pages\/5992\/revisions\/6434"}],"wp:attachment":[{"href":"https:\/\/corexmarket.com\/tr\/wp-json\/wp\/v2\/media?parent=5992"}],"curies":[{"name":"wp","href":"https:\/\/api.w.org\/{rel}","templated":true}]}}