{"id":5994,"date":"2023-07-05T09:33:05","date_gmt":"2023-07-05T06:33:05","guid":{"rendered":"https:\/\/corexmarket.com\/geri-odeme-politikasi\/"},"modified":"2023-07-05T09:33:05","modified_gmt":"2023-07-05T06:33:05","slug":"geri-odeme-politikasi","status":"publish","type":"page","link":"https:\/\/corexmarket.com\/tr\/geri-odeme-politikasi\/","title":{"rendered":"Geri \u00f6deme politikas\u0131"},"content":{"rendered":"<section class=\"wpb-content-wrapper\"><p>[vc_row][vc_column][vc_column_text]<span style=\"color: #000000;\"><strong>Geri \u00f6deme politikas\u0131<\/strong><\/span><\/p>\n<p><span style=\"color: #000000;\">M\u00fc\u015fterilere tam \u015feffafl\u0131k ve memnuniyet sa\u011flamak i\u00e7in Corex Financing Broker, \u015firketin mali yasal risklerini azaltmak, kara para aklama faaliyetlerini g\u00f6zlemlemek ve \u00f6nlemek ve ter\u00f6rle m\u00fccadele mali politikas\u0131n\u0131 sa\u011flamak i\u00e7in \u0130ade ve \u0130ptal Politikas\u0131n\u0131 belirlemi\u015ftir.<\/span><\/p>\n<p><strong><span style=\"color: #000000;\">\u0130ade ve Geri \u00d6deme Politikas\u0131 Hakk\u0131nda<\/span><\/strong><\/p>\n<p><span style=\"color: #000000;\">Finansal varl\u0131klar\u0131n al\u0131m sat\u0131m\u0131 bir\u00e7ok \u00f6d\u00fcl ta\u015f\u0131yabilir ancak ayn\u0131 zamanda potansiyel riskleri de i\u00e7erir. Yat\u0131r\u0131mc\u0131lara m\u00fcmk\u00fcn olan en iyi ticaret deneyimini sa\u011flamak i\u00e7in Corex Financing Broker bu \u0130ade ve Geri \u00d6deme politikalar\u0131n\u0131 belirlemi\u015ftir. L\u00fctfen Corex Financing Broker ile ileti\u015fime ge\u00e7meden ve finansal enstr\u00fcman al\u0131m sat\u0131m\u0131 yapmadan \u00f6nce politikalar\u0131 dikkatlice okuyup anlay\u0131n.<\/span><\/p>\n<p><strong><span style=\"color: #000000;\">L\u00fctfen bu \u0130ade ve Geri \u00d6deme Politikas\u0131n\u0131 dikkatlice okuyun.<\/span><\/strong><\/p>\n<p><span style=\"color: #000000;\">\u015eirket, iade talebini ancak m\u00fc\u015fterinin gerek\u00e7esini gerek\u00e7elendirmesi halinde kabul edebilir. M\u00fc\u015fteri, herhangi bir hizmetin sa\u011flanmamas\u0131, anlat\u0131ld\u0131\u011f\u0131 gibi olmamas\u0131 veya al\u0131nan hizmetin gerekti\u011fi gibi \u00e7al\u0131\u015fmamas\u0131 durumunda iade talebinde bulunacakt\u0131r. \u0130ade, m\u00fc\u015fterinin para yat\u0131r\u0131rken veya \u00f6deme yaparken kulland\u0131\u011f\u0131 kredi kart\u0131na yap\u0131lacakt\u0131r. Para \u00e7ekme zaman \u00e7izelgesi, talebin g\u00f6nderildi\u011fi andan itibaren 1-2 banka g\u00fcn\u00fc aras\u0131nda olabilir.<\/span><\/p>\n<p><span style=\"color: #000000;\">Geri \u00f6deme s\u00fcrecini ba\u015flatmak i\u00e7in m\u00fc\u015fteri, support@CorexMarket.com adresine e-posta g\u00f6ndererek a\u015fa\u011f\u0131daki bilgileri i\u00e7eren bir talep g\u00f6ndermelidir:<\/span><\/p>\n<p><span style=\"color: #000000;\">Ad Soyad<\/span><br \/>\n<span style=\"color: #000000;\">Konut adresi<\/span><br \/>\n<span style=\"color: #000000;\">\u0130leti\u015fim e-postas\u0131 ve telefon numaras\u0131\/numaralar\u0131<\/span><br \/>\n<span style=\"color: #000000;\">Ticaret hesap numaras\u0131\/numaralar\u0131<\/span><br \/>\n<span style=\"color: #000000;\">\u0130lk \u00f6deme hesab\u0131, \u00f6deme g\u00fcn\u00fc, kullan\u0131lan \u00f6deme y\u00f6ntemi (\u00f6r. kredi veya banka kart\u0131).<\/span><br \/>\n<span style=\"color: #000000;\">\u00d6deme kimlik numaras\u0131 (varsa)<\/span><br \/>\n<span style=\"color: #000000;\">\u0130ade\/iptal nedeni<\/span><\/p>\n<p><span style=\"color: #000000;\">G\u00f6nderilen t\u00fcm bilgiler kay\u0131t s\u0131ras\u0131nda veya ilk \u00f6deme s\u0131ras\u0131nda g\u00f6nderilen bilgilerle ayn\u0131 olmal\u0131d\u0131r. M\u00fc\u015fterinin yanl\u0131\u015f ya da hatal\u0131 bilgi vermesi halinde olu\u015fabilecek zararlardan Corex Financing Broker sorumlu de\u011fildir.<\/span><\/p>\n<p><span style=\"color: #000000;\">Uygulanan ticari i\u015flemlerin iptal edilemeyece\u011fini l\u00fctfen unutmay\u0131n; bu nedenle, yeniden y\u00fckleme tarihinden itibaren 1 ay i\u00e7inde m\u00fc\u015fterinin hesab\u0131nda herhangi bir ticari faaliyet kaydedilmemi\u015fse Corex Financing Broker, paray\u0131 havale edene iade etme hakk\u0131na sahiptir. Bu nedenle, m\u00fc\u015fterilerin iptal talebinde bulunmadan \u00f6nce fonlar\u0131n\u0131 kullanmalar\u0131 ve t\u00fcm a\u00e7\u0131k pozisyonlar\u0131 kapatmalar\u0131 tavsiye edilir.<\/span><\/p>\n<p><span style=\"color: #000000;\">Corex Financing Broker, M\u00fc\u015fteri alan\u0131na eri\u015fimi engelleme, Hesaplar\u0131n\u0131n ticari faaliyetlerini ask\u0131ya alma, transfer veya para \u00e7ekme talebini iptal etme veya m\u00fc\u015fterinin faaliyetlerinin Corex Trading&#8217;in kara para aklamay\u0131 \u00f6nleme politikas\u0131yla \u00e7eli\u015fmesi durumunda para iadesi yapma hakk\u0131na sahiptir.<\/span><\/p>\n<p><span style=\"color: #000000;\">M\u00fc\u015fterinin faaliyetleri uygunsuz olarak s\u0131n\u0131fland\u0131r\u0131l\u0131rsa veya Corex Financing Broker hizmetlerinin\/\u00fcr\u00fcnlerinin genel kullan\u0131m amac\u0131na ayk\u0131r\u0131 olarak s\u0131n\u0131fland\u0131r\u0131l\u0131rsa, do\u011frudan veya dolayl\u0131, d\u00fcr\u00fcst olmayan veya yasa d\u0131\u015f\u0131 bir niyet s\u00f6z konusu oldu\u011funda Corex Trading, d\u00fczenleyici eylemlerde bulunma veya belirtilenler dahilinde hareket etme hakk\u0131na sahiptir. M\u00fc\u015fteriye \u00f6nceden bildirimde bulunmaks\u0131z\u0131n bu belge \u00e7er\u00e7evesinde. Ortaya \u00e7\u0131kan t\u00fcm do\u011frudan veya dolayl\u0131 kay\u0131plar veya masraflar m\u00fc\u015fterinin fonundan \u015eirkete geri \u00f6denir.<\/span><\/p>\n<p><span style=\"color: #000000;\">\u0130ade ve iptal politikalar\u0131 hakk\u0131nda daha detayl\u0131 bilgi i\u00e7in m\u00fc\u015fterilerin Corex Financing Broker m\u00fc\u015fteri s\u00f6zle\u015fmesini okumalar\u0131 rica olunur.<\/span>[\/vc_column_text][\/vc_column][\/vc_row]<\/p>\n<\/section>","protected":false},"excerpt":{"rendered":"<p>[vc_row][vc_column][vc_column_text]Geri \u00f6deme politikas\u0131 M\u00fc\u015fterilere tam \u015feffafl\u0131k ve memnuniyet sa\u011flamak i\u00e7in Corex &#8230; <\/p>\n","protected":false},"author":1,"featured_media":0,"parent":0,"menu_order":0,"comment_status":"closed","ping_status":"closed","template":"","meta":{"footnotes":""},"class_list":["post-5994","page","type-page","status-publish","hentry"],"_links":{"self":[{"href":"https:\/\/corexmarket.com\/tr\/wp-json\/wp\/v2\/pages\/5994","targetHints":{"allow":["GET"]}}],"collection":[{"href":"https:\/\/corexmarket.com\/tr\/wp-json\/wp\/v2\/pages"}],"about":[{"href":"https:\/\/corexmarket.com\/tr\/wp-json\/wp\/v2\/types\/page"}],"author":[{"embeddable":true,"href":"https:\/\/corexmarket.com\/tr\/wp-json\/wp\/v2\/users\/1"}],"replies":[{"embeddable":true,"href":"https:\/\/corexmarket.com\/tr\/wp-json\/wp\/v2\/comments?post=5994"}],"version-history":[{"count":0,"href":"https:\/\/corexmarket.com\/tr\/wp-json\/wp\/v2\/pages\/5994\/revisions"}],"wp:attachment":[{"href":"https:\/\/corexmarket.com\/tr\/wp-json\/wp\/v2\/media?parent=5994"}],"curies":[{"name":"wp","href":"https:\/\/api.w.org\/{rel}","templated":true}]}}